{"id":341,"date":"2020-03-29T07:22:17","date_gmt":"2020-03-29T07:22:17","guid":{"rendered":"http:\/\/localhost\/?page_id=341"},"modified":"2024-01-08T12:09:49","modified_gmt":"2024-01-08T12:09:49","slug":"elaqe","status":"publish","type":"page","link":"https:\/\/goldhouse.az\/en\/elaqe","title":{"rendered":"CONTACT"},"content":{"rendered":"<div data-elementor-type=\"wp-page\" data-elementor-id=\"341\" class=\"elementor elementor-341\">\n\t\t\t\t\t\t<section class=\"elementor-section elementor-top-section elementor-element elementor-element-b7bb588 elementor-section-stretched elementor-section-full_width elementor-section-height-default elementor-section-height-default\" data-id=\"b7bb588\" data-element_type=\"section\" data-settings=\"{&quot;stretch_section&quot;:&quot;section-stretched&quot;}\">\n\t\t\t\t\t\t<div class=\"elementor-container elementor-column-gap-default\">\n\t\t\t\t\t<div class=\"elementor-column elementor-col-100 elementor-top-column elementor-element elementor-element-a8726f3\" data-id=\"a8726f3\" data-element_type=\"column\">\n\t\t\t<div class=\"elementor-widget-wrap elementor-element-populated\">\n\t\t\t\t\t\t<div class=\"elementor-element elementor-element-032df83 elementor-widget elementor-widget-contact_form\" data-id=\"032df83\" data-element_type=\"widget\" data-widget_type=\"contact_form.default\">\n\t\t\t\t<div class=\"elementor-widget-container\">\n\t\t\t\n\n\n\n\t\t<section class=\"contact-section\">\n\t<div class=\"auto-container\">\n\t\t<div class=\"row clearfix\">\n\t\t\t<div class=\"col-lg-6 col-md-6 col-sm-12 image-column\">\n\t\t\t\t<figure class=\"image-box wow slideInLeft animated animated\" data-wow-delay=\"00ms\"\n\t\t\t\t\tdata-wow-duration=\"1500ms\"><img decoding=\"async\" src=\"https:\/\/goldhouse.az\/wp-content\/uploads\/2020\/06\/contact-1.jpg\" alt=\"\"><\/figure>\n\t\t\t<\/div>\n\t\t\t<div class=\"col-lg-6 col-md-6 col-sm-12 content-column\">\n\t\t\t\t<div id=\"content_block_seven\">\n\t\t\t\t\t<div class=\"content-box\">\n\t\t\t\t\t\t<div class=\"sec-title\">\n\t\t\t\t\t\t\t<h6><i class=\"flaticon-roof\"><\/i>CONTACT<\/h6>\n\t\t\t\t\t\t\t<h2>How can we help <br \/><span>Write to us<\/span><\/h2>\n\t\t\t\t\t\t<\/div>\n\t\t\t\n<div class=\"wpcf7 no-js\" id=\"wpcf7-f1996-o1\" lang=\"en-US\" dir=\"ltr\" data-wpcf7-id=\"1996\">\n<div class=\"screen-reader-response\"><p role=\"status\" aria-live=\"polite\" aria-atomic=\"true\"><\/p> <ul><\/ul><\/div>\n<form action=\"\/wp-json\/wp\/v2\/pages\/341\" method=\"post\" class=\"wpcf7-form init\" aria-label=\"Contact form\" novalidate=\"novalidate\" data-status=\"init\" data-trp-original-action=\"\/en\/wp-json\/wp\/v2\/pages\/341#wpcf7-f1996-o1\">\n<div style=\"display: none;\">\n<input type=\"hidden\" name=\"_wpcf7\" value=\"1996\" \/>\n<input type=\"hidden\" name=\"_wpcf7_version\" value=\"6.0.1\" \/>\n<input type=\"hidden\" name=\"_wpcf7_locale\" value=\"en_US\" \/>\n<input type=\"hidden\" name=\"_wpcf7_unit_tag\" value=\"wpcf7-f1996-o1\" \/>\n<input type=\"hidden\" name=\"_wpcf7_container_post\" value=\"0\" \/>\n<input type=\"hidden\" name=\"_wpcf7_posted_data_hash\" value=\"\" \/>\n<\/div>\n<div class=\"default-form\">\n\t<div class=\"form-group\">\n\t\t<p><i class=\"far fa-user\"><\/i>Name\n\t\t<\/p>\n\t\t<p><span class=\"wpcf7-form-control-wrap\" data-name=\"username\"><input size=\"40\" maxlength=\"400\" class=\"wpcf7-form-control wpcf7-text wpcf7-validates-as-required\" aria-required=\"true\" aria-invalid=\"false\" value=\"\" type=\"text\" name=\"username\" \/><\/span>\n\t\t<\/p>\n\t<\/div>\n\t<div class=\"form-group\">\n\t\t<p><i class=\"far fa-envelope\"><\/i>Email\n\t\t<\/p>\n\t\t<p><span class=\"wpcf7-form-control-wrap\" data-name=\"your-email\"><input size=\"40\" maxlength=\"400\" class=\"wpcf7-form-control wpcf7-email wpcf7-validates-as-required wpcf7-text wpcf7-validates-as-email\" aria-required=\"true\" aria-invalid=\"false\" value=\"\" type=\"email\" name=\"your-email\" \/><\/span>\n\t\t<\/p>\n\t<\/div>\n\t<div class=\"form-group\">\n\t\t<p><i class=\"far fa-star\"><\/i>Subject\n\t\t<\/p>\n\t\t<p><span class=\"wpcf7-form-control-wrap\" data-name=\"your-subject\"><input size=\"40\" maxlength=\"400\" class=\"wpcf7-form-control wpcf7-text wpcf7-validates-as-required\" aria-required=\"true\" aria-invalid=\"false\" value=\"\" type=\"text\" name=\"your-subject\" \/><\/span>\n\t\t<\/p>\n\t<\/div>\n\t<div class=\"form-group\">\n\t\t<p><i class=\"far fa-comment-dots\"><\/i>Message\n\t\t<\/p>\n\t\t<p><span class=\"wpcf7-form-control-wrap\" data-name=\"your-message\"><textarea cols=\"40\" rows=\"10\" maxlength=\"2000\" class=\"wpcf7-form-control wpcf7-textarea\" aria-invalid=\"false\" name=\"your-message\"><\/textarea><\/span>\n\t\t<\/p>\n\t<\/div>\n\t<div class=\"form-group message-btn\">\n\t\t<p><button class=\"theme-btn style-one wpcf7-form-control wpcf7-submit\" type=\"submit\" name=\"submit-form\">Send<i class=\"flaticon-login\"><\/i><\/button>\n\t\t<\/p>\n\t<\/div>\n<\/div><p style=\"display: none !important;\" class=\"akismet-fields-container\" data-prefix=\"_wpcf7_ak_\"><label>&#916;<textarea name=\"_wpcf7_ak_hp_textarea\" cols=\"45\" rows=\"8\" maxlength=\"100\"><\/textarea><\/label><input type=\"hidden\" id=\"ak_js_1\" name=\"_wpcf7_ak_js\" value=\"114\"\/><script>document.getElementById( \"ak_js_1\" ).setAttribute( \"value\", ( new Date() ).getTime() );<\/script><\/p><div class=\"wpcf7-response-output\" aria-hidden=\"true\"><\/div>\n<input type=\"hidden\" name=\"trp-form-language\" value=\"en\"\/><\/form>\n<\/div>\n\n\t\t\t\t\t<\/div>\n\t\t\t\t<\/div>\n\t\t\t<\/div>\n\t\t<\/div>\n\t<\/div>\n<\/section>\n\t\t\n\t\t\t\t<\/div>\n\t\t\t\t<\/div>\n\t\t\t\t\t<\/div>\n\t\t<\/div>\n\t\t\t\t\t<\/div>\n\t\t<\/section>\n\t\t\t\t<section class=\"elementor-section elementor-top-section elementor-element elementor-element-eb25754 elementor-section-stretched elementor-section-full_width elementor-section-height-default elementor-section-height-default\" data-id=\"eb25754\" data-element_type=\"section\" data-settings=\"{&quot;stretch_section&quot;:&quot;section-stretched&quot;}\">\n\t\t\t\t\t\t<div class=\"elementor-container elementor-column-gap-default\">\n\t\t\t\t\t<div class=\"elementor-column elementor-col-100 elementor-top-column elementor-element elementor-element-2d38ebe\" data-id=\"2d38ebe\" data-element_type=\"column\">\n\t\t\t<div class=\"elementor-widget-wrap elementor-element-populated\">\n\t\t\t\t\t\t<div class=\"elementor-element elementor-element-2b985bd elementor-widget elementor-widget-shelder_contact_list\" data-id=\"2b985bd\" data-element_type=\"widget\" data-widget_type=\"shelder_contact_list.default\">\n\t\t\t\t<div class=\"elementor-widget-container\">\n\t\t\t<section class=\"contactinfo-section\">\n\t<div class=\"auto-container\">\n\t\t<div class=\"row clearfix\">\n\t\t\n\t\t\t<div class=\"col-lg-4 col-md-6 col-sm-12 column\">\n\t\t\t\t<div class=\"single-item\">\n\t\t\t\t\t<h3>Office address: <\/h3>\n\t\t\t\t\t<div class=\"inner\">\n\t\t\t\t\t\t<div class=\"icon-box\">\n\t\t\t<i aria-hidden=\"true\" class=\"flaticon-pin\"><\/i>\t\t\t\t\t\t<\/div>\n\t\t\t\t\t\t<p><strong>Demirchi Plaza. Baku1025 <br \/><\/strong>D\u0259mir\u00e7i Plaza, Bak\u0131 1025<\/p>\n\t\t\t\t\t<\/div>\n\t\t\t\t<\/div>\n\t\t\t<\/div>\n\t\t\n\t\t\t<div class=\"col-lg-4 col-md-6 col-sm-12 column\">\n\t\t\t\t<div class=\"single-item\">\n\t\t\t\t\t<h3>Ofis mob:<\/h3>\n\t\t\t\t\t<div class=\"inner\">\n\t\t\t\t\t\t<div class=\"icon-box\">\n\t\t\t<i aria-hidden=\"true\" class=\"flaticon-clock\"><\/i>\t\t\t\t\t\t<\/div>\n\t\t\t\t\t\t<p><strong>+99470 853 53 33 <br \/><\/strong><\/p>\n\t\t\t\t\t<\/div>\n\t\t\t\t<\/div>\n\t\t\t<\/div>\n\t\t\n\t\t\t<div class=\"col-lg-4 col-md-6 col-sm-12 column\">\n\t\t\t\t<div class=\"single-item\">\n\t\t\t\t\t<h3>Mail<\/h3>\n\t\t\t\t\t<div class=\"inner\">\n\t\t\t\t\t\t<div class=\"icon-box\">\n\t\t\t<i aria-hidden=\"true\" class=\"flaticon-mail\"><\/i>\t\t\t\t\t\t<\/div>\n\t\t\t\t\t\t<p><strong>office@goldhouse.az <br \/><\/strong>goldhouse2019@gmail.com<\/p>\n\t\t\t\t\t<\/div>\n\t\t\t\t<\/div>\n\t\t\t<\/div>\n\t\t\t\t<\/div>\n\t<\/div>\n<\/section>\n\t\t\t\t<\/div>\n\t\t\t\t<\/div>\n\t\t\t\t\t<\/div>\n\t\t<\/div>\n\t\t\t\t\t<\/div>\n\t\t<\/section>\n\t\t\t\t<section class=\"elementor-section elementor-top-section elementor-element elementor-element-f09d8e2 elementor-section-stretched elementor-section-full_width elementor-section-height-default elementor-section-height-default\" data-id=\"f09d8e2\" data-element_type=\"section\" data-settings=\"{&quot;stretch_section&quot;:&quot;section-stretched&quot;}\">\n\t\t\t\t\t\t<div class=\"elementor-container elementor-column-gap-default\">\n\t\t\t\t\t<div class=\"elementor-column elementor-col-100 elementor-top-column elementor-element elementor-element-d04226e\" data-id=\"d04226e\" data-element_type=\"column\">\n\t\t\t<div class=\"elementor-widget-wrap elementor-element-populated\">\n\t\t\t\t\t\t<div class=\"elementor-element elementor-element-6d4cfc9 elementor-widget elementor-widget-google_maps\" data-id=\"6d4cfc9\" data-element_type=\"widget\" data-widget_type=\"google_maps.default\">\n\t\t\t\t<div class=\"elementor-widget-container\">\n\t\t\t\t\t<div class=\"elementor-custom-embed\">\n\t\t\t<iframe loading=\"lazy\"\n\t\t\t\t\tsrc=\"https:\/\/maps.google.com\/maps?q=Xocal%C4%B1%20prospekti%2037%2C%20D%C9%99mir%C3%A7i%20Plaza%2C%20Bak%C4%B1%201025&#038;t=m&#038;z=10&#038;output=embed&#038;iwloc=near\"\n\t\t\t\t\ttitle=\"Xocal\u0131 prospekti 37, D\u0259mir\u00e7i Plaza, Bak\u0131 1025\"\n\t\t\t\t\taria-label=\"Xocal\u0131 prospekti 37, D\u0259mir\u00e7i Plaza, Bak\u0131 1025\"\n\t\t\t><\/iframe>\n\t\t<\/div>\n\t\t\t\t<\/div>\n\t\t\t\t<\/div>\n\t\t\t\t\t<\/div>\n\t\t<\/div>\n\t\t\t\t\t<\/div>\n\t\t<\/section>\n\t\t\t\t<section class=\"elementor-section elementor-top-section elementor-element elementor-element-a46bb3d google-map-section style-two elementor-section-stretched elementor-section-boxed elementor-section-height-default elementor-section-height-default\" data-id=\"a46bb3d\" data-element_type=\"section\" data-settings=\"{&quot;stretch_section&quot;:&quot;section-stretched&quot;}\">\n\t\t\t\t\t\t<div class=\"elementor-container elementor-column-gap-default\">\n\t\t\t\t\t<div class=\"elementor-column elementor-col-100 elementor-top-column elementor-element elementor-element-277485a\" data-id=\"277485a\" data-element_type=\"column\">\n\t\t\t<div class=\"elementor-widget-wrap elementor-element-populated\">\n\t\t\t\t\t\t<div class=\"elementor-element elementor-element-9929ec6 elementor-widget elementor-widget-shelder_social_link\" data-id=\"9929ec6\" data-element_type=\"widget\" data-widget_type=\"shelder_social_link.default\">\n\t\t\t\t<div class=\"elementor-widget-container\">\n\t\t\t \n<div class=\"social-inner\">\n\t<ul class=\"social-links clearfix\">\n\t\t\t\t \n\t<li>\n\t<div class=\"icon-box\">\n\t\t<a href=\"#\"><i aria-hidden=\"true\" class=\"fab fa-facebook-f\"><\/i>Facebook<\/a>\n\t<\/div>\n\t<\/li> \n\t\t\t \n\t<li>\n\t<div class=\"icon-box\">\n\t\t<a href=\"#\"><i aria-hidden=\"true\" class=\"fab fa-twitter\"><\/i>Twitter<\/a>\n\t<\/div>\n\t<\/li> \n\t\t\t \n\t<li>\n\t<div class=\"icon-box\">\n\t\t<a href=\"#\"><i aria-hidden=\"true\" class=\"fab fa-google-plus-g\"><\/i>Google+<\/a>\n\t<\/div>\n\t<\/li> \n\t\t\t \n\t<li>\n\t<div class=\"icon-box\">\n\t\t<a href=\"#\"><i aria-hidden=\"true\" class=\"fab fa-linkedin-in\"><\/i>Linkedin<\/a>\n\t<\/div>\n\t<\/li> \n\t \n\t<\/ul>\n<\/div> \n\t\t\t\t<\/div>\n\t\t\t\t<\/div>\n\t\t\t\t\t<\/div>\n\t\t<\/div>\n\t\t\t\t\t<\/div>\n\t\t<\/section>\n\t\t\t\t<\/div>","protected":false},"excerpt":{"rendered":"<p>Z\u0259ng edin Nec\u0259 kom\u0259k ede bil\u0259rik Biz\u0259 yaz\u0131n Ad e-po\u00e7t M\u00f6vzu Mesaj G\u00f6nd\u0259r &#916; Ofis \u00fcnvan\u0131: Xocal\u0131 prospekti 37 D\u0259mir\u00e7i Plaza, Bak\u0131 1025 Ofis mob: +99470 853 53 33 Po\u00e7t office@goldhouse.az goldhouse2019@gmail.com Facebook Twitter Google+ Linkedin<\/p>","protected":false},"author":1,"featured_media":0,"parent":0,"menu_order":0,"comment_status":"closed","ping_status":"closed","template":"","meta":{"footnotes":""},"class_list":["post-341","page","type-page","status-publish","hentry"],"_links":{"self":[{"href":"https:\/\/goldhouse.az\/en\/wp-json\/wp\/v2\/pages\/341","targetHints":{"allow":["GET"]}}],"collection":[{"href":"https:\/\/goldhouse.az\/en\/wp-json\/wp\/v2\/pages"}],"about":[{"href":"https:\/\/goldhouse.az\/en\/wp-json\/wp\/v2\/types\/page"}],"author":[{"embeddable":true,"href":"https:\/\/goldhouse.az\/en\/wp-json\/wp\/v2\/users\/1"}],"replies":[{"embeddable":true,"href":"https:\/\/goldhouse.az\/en\/wp-json\/wp\/v2\/comments?post=341"}],"version-history":[{"count":23,"href":"https:\/\/goldhouse.az\/en\/wp-json\/wp\/v2\/pages\/341\/revisions"}],"predecessor-version":[{"id":3328,"href":"https:\/\/goldhouse.az\/en\/wp-json\/wp\/v2\/pages\/341\/revisions\/3328"}],"wp:attachment":[{"href":"https:\/\/goldhouse.az\/en\/wp-json\/wp\/v2\/media?parent=341"}],"curies":[{"name":"wp","href":"https:\/\/api.w.org\/{rel}","templated":true}]}}