{"id":1980,"date":"2020-05-02T05:22:07","date_gmt":"2020-05-02T05:22:07","guid":{"rendered":"https:\/\/goldhouse.az?page_id=1980"},"modified":"2021-02-20T00:20:48","modified_gmt":"2021-02-19T20:20:48","slug":"xidmetler","status":"publish","type":"page","link":"https:\/\/goldhouse.az\/en\/xidmetler","title":{"rendered":"SERV\u0130CES"},"content":{"rendered":"<div data-elementor-type=\"wp-page\" data-elementor-id=\"1980\" class=\"elementor elementor-1980\">\n\t\t\t\t\t\t<section class=\"elementor-section elementor-top-section elementor-element elementor-element-df34c23 elementor-section-stretched elementor-section-full_width elementor-section-height-default elementor-section-height-default\" data-id=\"df34c23\" data-element_type=\"section\" data-settings=\"{&quot;stretch_section&quot;:&quot;section-stretched&quot;}\">\n\t\t\t\t\t\t<div class=\"elementor-container elementor-column-gap-default\">\n\t\t\t\t\t<div class=\"elementor-column elementor-col-100 elementor-top-column elementor-element elementor-element-0e50098\" data-id=\"0e50098\" data-element_type=\"column\">\n\t\t\t<div class=\"elementor-widget-wrap elementor-element-populated\">\n\t\t\t\t\t\t<div class=\"elementor-element elementor-element-2c8f61f elementor-widget elementor-widget-service_01\" data-id=\"2c8f61f\" data-element_type=\"widget\" data-widget_type=\"service_01.default\">\n\t\t\t\t<div class=\"elementor-widget-container\">\n\t\t\t\n\t\t<section class=\"service-style-two service-page-section\">\n\t<div class=\"auto-container\">\n\t\t<div class=\"sec-title centred\">\n\t\t\t<h6><i class=\"flaticon-roof\"><\/i>PRODUCTS<\/h6>\n\t\t\t<h2>T\u0259mir i\u015fl\u0259rin apar\u0131lmas\u0131 <br><span>Aksesuarlar\u0131n sat\u0131\u015f\u0131<\/span><\/h2>\n\t\t<\/div>\n\t\t<div class=\"row clearfix\">\n\t\t\t\t\t\n\t\t\t<div class=\"col-lg-4 col-md-6 col-sm-12 service-block\">\n\t\t\t\t<div class=\"service-block-one wow fadeInUp animated animated\" data-wow-delay=\"100ms\"\n\t\t\t\t\tdata-wow-duration=\"1500ms\">\n\t\t\t\t\t<div class=\"inner-box\">\n\t\t\t\t\t\t\t\t\t\t\t<figure class=\"image-box\"><a href=\"\">\n\t\t\t\t\t\t<img decoding=\"async\" src=\"https:\/\/goldhouse.az\/wp-content\/uploads\/2021\/02\/IMG_20210208_121610-min-scaled.jpg\" title=\"IMG_20210208_121610-min\" alt=\"IMG_20210208_121610-min\" loading=\"lazy\" \/><\/a><\/figure>\n\t\t\t\t\t\t\t\t\t\t\t\t<div class=\"lower-content\">\n\t\t\t\t\t\t\t<div class=\"icon-box\">\n\t\t\t\t\t\t<i aria-hidden=\"true\" class=\"flaticon-roof-3\"><\/i>\t\t\t\t\t\t\t<\/div>\n\t\t\t\t\t\t\t<div class=\"shap-box\"\n\t\t\t\t\t\t\t\tstyle=\"background-image: url(https:\/\/goldhouse.az\/wp-content\/plugins\/shelder-core\/assets\/images\/icons\/line-3.png);\">\n\t\t\t\t\t\t\t<\/div>\n\t\t\t\t\t\t\t<h3><a href=\"\">Single-layer roofing<\/a><\/h3>\n\t\t\t\t\t\t\t<p><\/p>\n\t\t\t\t\t\t\t<div class=\"link\"><a\n\t\t\t\t\t\t\t\t\thref=\"\"><i\n\t\t\t\t\t\t\t\t\t\tclass=\"flaticon-login\"><\/i><\/a><\/div>\n\t\t\t\t\t\t<\/div>\n\t\t\t\t\t<\/div>\n\t\t\t\t<\/div>\n\t\t\t<\/div>\n\t\t\t\t\t\t\n\t\t\t<div class=\"col-lg-4 col-md-6 col-sm-12 service-block\">\n\t\t\t\t<div class=\"service-block-one wow fadeInUp animated animated\" data-wow-delay=\"400ms\"\n\t\t\t\t\tdata-wow-duration=\"1500ms\">\n\t\t\t\t\t<div class=\"inner-box\">\n\t\t\t\t\t\t\t\t\t\t\t<figure class=\"image-box\"><a href=\"\">\n\t\t\t\t\t\t<img decoding=\"async\" src=\"https:\/\/goldhouse.az\/wp-content\/uploads\/2021\/02\/IMG_20210208_121509-min-scaled.jpg\" title=\"IMG_20210208_121509-min\" alt=\"IMG_20210208_121509-min\" loading=\"lazy\" \/><\/a><\/figure>\n\t\t\t\t\t\t\t\t\t\t\t\t<div class=\"lower-content\">\n\t\t\t\t\t\t\t<div class=\"icon-box\">\n\t\t\t\t\t\t<i aria-hidden=\"true\" class=\"flaticon-roof-4\"><\/i>\t\t\t\t\t\t\t<\/div>\n\t\t\t\t\t\t\t<div class=\"shap-box\"\n\t\t\t\t\t\t\t\tstyle=\"background-image: url(https:\/\/goldhouse.az\/wp-content\/plugins\/shelder-core\/assets\/images\/icons\/line-3.png);\">\n\t\t\t\t\t\t\t<\/div>\n\t\t\t\t\t\t\t<h3><a href=\"\">Delivery<\/a><\/h3>\n\t\t\t\t\t\t\t<p><\/p>\n\t\t\t\t\t\t\t<div class=\"link\"><a\n\t\t\t\t\t\t\t\t\thref=\"\"><i\n\t\t\t\t\t\t\t\t\t\tclass=\"flaticon-login\"><\/i><\/a><\/div>\n\t\t\t\t\t\t<\/div>\n\t\t\t\t\t<\/div>\n\t\t\t\t<\/div>\n\t\t\t<\/div>\n\t\t\t\t\t\t\n\t\t\t<div class=\"col-lg-4 col-md-6 col-sm-12 service-block\">\n\t\t\t\t<div class=\"service-block-one wow fadeInUp animated animated\" data-wow-delay=\"700ms\"\n\t\t\t\t\tdata-wow-duration=\"1500ms\">\n\t\t\t\t\t<div class=\"inner-box\">\n\t\t\t\t\t\t\t\t\t\t\t<figure class=\"image-box\"><a href=\"\">\n\t\t\t\t\t\t<img decoding=\"async\" src=\"https:\/\/goldhouse.az\/wp-content\/uploads\/2021\/02\/IMG_20210208_121430-min-scaled.jpg\" title=\"IMG_20210208_121430-min\" alt=\"IMG_20210208_121430-min\" loading=\"lazy\" \/><\/a><\/figure>\n\t\t\t\t\t\t\t\t\t\t\t\t<div class=\"lower-content\">\n\t\t\t\t\t\t\t<div class=\"icon-box\">\n\t\t\t\t\t\t<i aria-hidden=\"true\" class=\"flaticon-roof-5\"><\/i>\t\t\t\t\t\t\t<\/div>\n\t\t\t\t\t\t\t<div class=\"shap-box\"\n\t\t\t\t\t\t\t\tstyle=\"background-image: url(https:\/\/goldhouse.az\/wp-content\/plugins\/shelder-core\/assets\/images\/icons\/line-3.png);\">\n\t\t\t\t\t\t\t<\/div>\n\t\t\t\t\t\t\t<h3><a href=\"\">Interior roofing<\/a><\/h3>\n\t\t\t\t\t\t\t<p><\/p>\n\t\t\t\t\t\t\t<div class=\"link\"><a\n\t\t\t\t\t\t\t\t\thref=\"\"><i\n\t\t\t\t\t\t\t\t\t\tclass=\"flaticon-login\"><\/i><\/a><\/div>\n\t\t\t\t\t\t<\/div>\n\t\t\t\t\t<\/div>\n\t\t\t\t<\/div>\n\t\t\t<\/div>\n\t\t\t\t\t\t\n\t\t\t<div class=\"col-lg-4 col-md-6 col-sm-12 service-block\">\n\t\t\t\t<div class=\"service-block-one wow fadeInUp animated animated\" data-wow-delay=\"1000ms\"\n\t\t\t\t\tdata-wow-duration=\"1500ms\">\n\t\t\t\t\t<div class=\"inner-box\">\n\t\t\t\t\t\t\t\t\t\t\t<figure class=\"image-box\"><a href=\"\">\n\t\t\t\t\t\t<img decoding=\"async\" src=\"https:\/\/goldhouse.az\/wp-content\/uploads\/2021\/02\/IMG_20210209_144543-min-scaled.jpg\" title=\"IMG_20210209_144543-min\" alt=\"IMG_20210209_144543-min\" loading=\"lazy\" \/><\/a><\/figure>\n\t\t\t\t\t\t\t\t\t\t\t\t<div class=\"lower-content\">\n\t\t\t\t\t\t\t<div class=\"icon-box\">\n\t\t\t\t\t\t<i aria-hidden=\"true\" class=\"flaticon-roof-6\"><\/i>\t\t\t\t\t\t\t<\/div>\n\t\t\t\t\t\t\t<div class=\"shap-box\"\n\t\t\t\t\t\t\t\tstyle=\"background-image: url(https:\/\/goldhouse.az\/wp-content\/plugins\/shelder-core\/assets\/images\/icons\/line-3.png);\">\n\t\t\t\t\t\t\t<\/div>\n\t\t\t\t\t\t\t<h3><a href=\"\">Metal roofing<\/a><\/h3>\n\t\t\t\t\t\t\t<p><\/p>\n\t\t\t\t\t\t\t<div class=\"link\"><a\n\t\t\t\t\t\t\t\t\thref=\"\"><i\n\t\t\t\t\t\t\t\t\t\tclass=\"flaticon-login\"><\/i><\/a><\/div>\n\t\t\t\t\t\t<\/div>\n\t\t\t\t\t<\/div>\n\t\t\t\t<\/div>\n\t\t\t<\/div>\n\t\t\t\t\t\t\n\t\t\t<div class=\"col-lg-4 col-md-6 col-sm-12 service-block\">\n\t\t\t\t<div class=\"service-block-one wow fadeInUp animated animated\" data-wow-delay=\"1300ms\"\n\t\t\t\t\tdata-wow-duration=\"1500ms\">\n\t\t\t\t\t<div class=\"inner-box\">\n\t\t\t\t\t\t\t\t\t\t\t<figure class=\"image-box\"><a href=\"\">\n\t\t\t\t\t\t<img decoding=\"async\" src=\"https:\/\/goldhouse.az\/wp-content\/uploads\/2021\/02\/IMG_20210209_144500-min-scaled.jpg\" title=\"IMG_20210209_144500-min\" alt=\"IMG_20210209_144500-min\" loading=\"lazy\" \/><\/a><\/figure>\n\t\t\t\t\t\t\t\t\t\t\t\t<div class=\"lower-content\">\n\t\t\t\t\t\t\t<div class=\"icon-box\">\n\t\t\t\t\t\t<i aria-hidden=\"true\" class=\"flaticon-roof-7\"><\/i>\t\t\t\t\t\t\t<\/div>\n\t\t\t\t\t\t\t<div class=\"shap-box\"\n\t\t\t\t\t\t\t\tstyle=\"background-image: url(https:\/\/goldhouse.az\/wp-content\/plugins\/shelder-core\/assets\/images\/icons\/line-3.png);\">\n\t\t\t\t\t\t\t<\/div>\n\t\t\t\t\t\t\t<h3><a href=\"\">Vegetative Roofing<\/a><\/h3>\n\t\t\t\t\t\t\t<p><\/p>\n\t\t\t\t\t\t\t<div class=\"link\"><a\n\t\t\t\t\t\t\t\t\thref=\"\"><i\n\t\t\t\t\t\t\t\t\t\tclass=\"flaticon-login\"><\/i><\/a><\/div>\n\t\t\t\t\t\t<\/div>\n\t\t\t\t\t<\/div>\n\t\t\t\t<\/div>\n\t\t\t<\/div>\n\t\t\t\t\t\t\n\t\t\t<div class=\"col-lg-4 col-md-6 col-sm-12 service-block\">\n\t\t\t\t<div class=\"service-block-one wow fadeInUp animated animated\" data-wow-delay=\"1600ms\"\n\t\t\t\t\tdata-wow-duration=\"1500ms\">\n\t\t\t\t\t<div class=\"inner-box\">\n\t\t\t\t\t\t\t\t\t\t\t<figure class=\"image-box\"><a href=\"\">\n\t\t\t\t\t\t<img decoding=\"async\" src=\"https:\/\/goldhouse.az\/wp-content\/uploads\/2021\/02\/IMG_20210209_144519-min-scaled.jpg\" title=\"IMG_20210209_144519-min\" alt=\"IMG_20210209_144519-min\" loading=\"lazy\" \/><\/a><\/figure>\n\t\t\t\t\t\t\t\t\t\t\t\t<div class=\"lower-content\">\n\t\t\t\t\t\t\t<div class=\"icon-box\">\n\t\t\t\t\t\t<i aria-hidden=\"true\" class=\"flaticon-roof-8\"><\/i>\t\t\t\t\t\t\t<\/div>\n\t\t\t\t\t\t\t<div class=\"shap-box\"\n\t\t\t\t\t\t\t\tstyle=\"background-image: url(https:\/\/goldhouse.az\/wp-content\/plugins\/shelder-core\/assets\/images\/icons\/line-3.png);\">\n\t\t\t\t\t\t\t<\/div>\n\t\t\t\t\t\t\t<h3><a href=\"\"> Special Metal<\/a><\/h3>\n\t\t\t\t\t\t\t<p><\/p>\n\t\t\t\t\t\t\t<div class=\"link\"><a\n\t\t\t\t\t\t\t\t\thref=\"\"><i\n\t\t\t\t\t\t\t\t\t\tclass=\"flaticon-login\"><\/i><\/a><\/div>\n\t\t\t\t\t\t<\/div>\n\t\t\t\t\t<\/div>\n\t\t\t\t<\/div>\n\t\t\t<\/div>\n\t\t\t\t\t\t\n\t\t<\/div>\n\t<\/div>\n<\/section>\n\t\t\t\t\t\t<\/div>\n\t\t\t\t<\/div>\n\t\t\t\t\t<\/div>\n\t\t<\/div>\n\t\t\t\t\t<\/div>\n\t\t<\/section>\n\t\t\t\t<\/div>","protected":false},"excerpt":{"rendered":"<p>M\u018fHSULLARIMIZ T\u0259mir i\u015fl\u0259rin apar\u0131lmas\u0131 Aksesuarlar\u0131n sat\u0131\u015f\u0131 T\u0259k qatl\u0131 dam \u00f6rt\u00fcy\u00fc &nbsp; \u00c7atd\u0131r\u0131lmas\u0131 &nbsp; Daxili dam \u00f6rt\u00fcy\u00fc &nbsp; Metal dam \u00f6rt\u00fcy\u00fc &nbsp; Vegetative Roofing &nbsp; X\u00fcsusi Metal &nbsp;<\/p>","protected":false},"author":1,"featured_media":0,"parent":0,"menu_order":0,"comment_status":"closed","ping_status":"closed","template":"","meta":{"footnotes":""},"class_list":["post-1980","page","type-page","status-publish","hentry"],"_links":{"self":[{"href":"https:\/\/goldhouse.az\/en\/wp-json\/wp\/v2\/pages\/1980","targetHints":{"allow":["GET"]}}],"collection":[{"href":"https:\/\/goldhouse.az\/en\/wp-json\/wp\/v2\/pages"}],"about":[{"href":"https:\/\/goldhouse.az\/en\/wp-json\/wp\/v2\/types\/page"}],"author":[{"embeddable":true,"href":"https:\/\/goldhouse.az\/en\/wp-json\/wp\/v2\/users\/1"}],"replies":[{"embeddable":true,"href":"https:\/\/goldhouse.az\/en\/wp-json\/wp\/v2\/comments?post=1980"}],"version-history":[{"count":14,"href":"https:\/\/goldhouse.az\/en\/wp-json\/wp\/v2\/pages\/1980\/revisions"}],"predecessor-version":[{"id":3301,"href":"https:\/\/goldhouse.az\/en\/wp-json\/wp\/v2\/pages\/1980\/revisions\/3301"}],"wp:attachment":[{"href":"https:\/\/goldhouse.az\/en\/wp-json\/wp\/v2\/media?parent=1980"}],"curies":[{"name":"wp","href":"https:\/\/api.w.org\/{rel}","templated":true}]}}