{"id":337,"date":"2020-03-29T07:22:16","date_gmt":"2020-03-29T07:22:16","guid":{"rendered":"http:\/\/localhost\/?page_id=337"},"modified":"2021-02-11T11:09:21","modified_gmt":"2021-02-11T07:09:21","slug":"haqqimizda","status":"publish","type":"page","link":"https:\/\/goldhouse.az\/az\/haqqimizda","title":{"rendered":"Haqq\u0131m\u0131zda"},"content":{"rendered":"\t\t<div data-elementor-type=\"wp-page\" data-elementor-id=\"337\" class=\"elementor elementor-337\">\n\t\t\t\t\t\t<section class=\"elementor-section elementor-top-section elementor-element elementor-element-8f862c6 elementor-section-stretched elementor-section-full_width elementor-section-height-default elementor-section-height-default\" data-id=\"8f862c6\" data-element_type=\"section\" data-settings=\"{&quot;stretch_section&quot;:&quot;section-stretched&quot;}\">\n\t\t\t\t\t\t<div class=\"elementor-container elementor-column-gap-default\">\n\t\t\t\t\t<div class=\"elementor-column elementor-col-100 elementor-top-column elementor-element elementor-element-b56ca18\" data-id=\"b56ca18\" data-element_type=\"column\">\n\t\t\t<div class=\"elementor-widget-wrap elementor-element-populated\">\n\t\t\t\t\t\t<div class=\"elementor-element elementor-element-e4aaa5b elementor-widget elementor-widget-about_element_2\" data-id=\"e4aaa5b\" data-element_type=\"widget\" data-widget_type=\"about_element_2.default\">\n\t\t\t\t<div class=\"elementor-widget-container\">\n\t\t\t\n\n<section class=\"about-style-two bg-color-3\">\n\t<div class=\"auto-container\">\n\t\t\t\t<div class=\"upper-content\">\n\t\t\t<div class=\"row clearfix align-items-center\">\n\t\t\t\t<div class=\"col-lg-6 col-md-12 col-sm-12 content-column\">\n\t\t\t\t\t<div id=\"content_block_three\">\n\t\t\t\t\t\t<div class=\"content-box\">\n\t\t\t\t\t\t\t<div class=\"sec-title\">\n\t\t\t\t\t\t\t\t<h6><i class=\"flaticon-roof\"><\/i>HAQQIMIZDA<\/h6>\n\t\t\t\t\t\t\t\t<h2>Gold House MMC<br><span><\/span><\/h2>\n\t\t\t\t\t\t\t<\/div>\n\t\t\t\t\t\t\t<p>Gold House MMC m\u00fcasir dam \u00f6rt\u00fckl\u0259rinin istehsal\u0131 v\u0259 sat\u0131\u015f\u0131 il\u0259 m\u0259\u015f\u011ful olan \u015firk\u0259tl\u0259rd\u0259n biridir. \u015eirk\u0259t 2010 cu ild\u0259n f\u0259aliyy\u0259t g\u00f6st\u0259rir. M\u0259hsullar\u0131m\u0131z  Avropa, T\u00fcrkiy\u0259 v\u0259 \u00c7inin qabaqc\u0131l \u015firk\u0259tl\u0259rind\u0259n g\u0259tiri\u0131ir. Gold House \u015firk\u0259tind\u0259 pe\u015fakarlar f\u0259aliyy\u0259t g\u00f6st\u0259rir. <\/p>\n\t\t\t\t\t\t\t\t\t\t\t\t\t<\/div>\n\t\t\t\t\t<\/div>\n\t\t\t\t<\/div>\n\t\t\t\t<div class=\"col-lg-6 col-md-12 col-sm-12 content-column\">\n\t\t\t\t\t<div id=\"content_block_four\">\n\t\t\t\t\t\t<div class=\"content-box\">\n\t\t\t\t\t\t\t<div class=\"text\">\n\t\t\t\t\t\t\t\t<p>Dam \u00f6rt\u00fckl\u0259ri Az\u0259rbaycanda m\u00fcxt\u0259lif modell\u0259ri v\u0259 r\u0259ngl\u0259ri il\u0259 f\u0259rql\u0259nir. Keyfiyy\u0259tin\u0259 z\u0259man\u0259t verilir. Dam \u00f6rt\u00fckl\u0259ri il\u0259 b\u0259rab\u0259r m\u00fcxt\u0259lif n\u00f6v dam aksesuarlar\u0131 ( d\u0259mir yap\u0131\u015fqan\u0131, izolyasiya m\u0259hsullar\u0131, \u015furup v\u0259.s) da t\u0259qdim olunur.\u00a0 Az\u0259rbaycanda m\u00f6vcud olan bir ne\u00e7\u0259 yerli v\u0259 xarici \u015firk\u0259t il\u0259 birg\u0259 f\u0259aliyy\u0259t\u0259 start verilib. M\u0259qs\u0259dimiz, amal\u0131m\u0131z m\u0259hsullar\u0131m\u0131z\u0131 sat\u0131\u015f bazar\u0131nda \u0259n keyfiyy\u0259tli mal kimi t\u0259sdiq etm\u0259k v\u0259 al\u0131c\u0131 t\u0259l\u0259bat\u0131n\u0131 n\u0259z\u0259r\u0259 alaraq daha yeni modell\u0259r istehsal etm\u0259kdir.<\/p><p>\u00a0<\/p>\t\t\t\t\t\t\t<\/div>\n\t\t\t\t\t\t\t<div class=\"author-box clearfix\">\n\t\t\t\t\t\t\t\t<div class=\"author-info\">\n\t\t\t\t\t\t\t\t\t<figure class=\"image-box\">\n\t\t\t\t\t\t\t\t\t\t\t\t\t\t\t\t\t\t<\/figure>\n\t\t\t\t\t\t\t\t\t<h3><\/h3>\n\t\t\t\t\t\t\t\t\t<span class=\"designation\"><\/span>\n\t\t\t\t\t\t\t\t<\/div>\n\t\t\t\t\t\t\t\t<figure class=\"author-signatur\">\n\t\t   \t\t\t\t\t\t\t\t<\/figure>\n\t\t\t\t\t\t\t<\/div>\n\t\t\t\t\t\t\t<div class=\"support-box\">\n\t\t\t\t\t\t\t\t\t\t\t\t\t\t\t<\/div>\n\t\t\t\t\t\t<\/div>\n\t\t\t\t\t<\/div>\n\t\t\t\t<\/div>\n\t\t\t<\/div>\n\t\t<\/div>\n\t\t<div class=\"lower-content\">\n\t\t\t<div class=\"row clearfix\">\n\t\t\n\t\t\t\t<div class=\"col-lg-3 col-md-6 col-sm-12 single-column\">\n\t\t\t\t\t<div class=\"single-item\">\n\t\t\t\t\t\t<div class=\"inner-box\">\n\t\t\t\t\t\t\t<div class=\"content-box\">\n\t\t\t\t\t\t\t\t<div class=\"icon-box\">\n\t\t\t\t\t\t\t\t\t<div class=\"line\"\n\t\t\t\t\t\t\t\t\t\tstyle=\"background-image: url(https:\/\/goldhouse.az\/wp-content\/plugins\/shelder-core\/assets\/images\/icons\/line-2.png);\">\n\t\t\t\t\t\t\t\t\t<\/div>\n\t\t\t<i aria-hidden=\"true\" class=\" flaticon-reward\"><\/i>\t\t\t\t\t\t\t\t<\/div>\n\t\t\t\t\t\t\t\t<h3><a href=\"https:\/\/goldhouse.az\/bout-us\/\">B\u0130Z K\u0130M\u0130K<\/a><\/h3>\n\t\t\t\t\t\t\t<\/div>\n\t\t\t\t\t\t\t<div class=\"overlay-box\">\n\t\t\t\t\t\t\t\t<div class=\"icon-box\">\n\t\t\t\t\t\t\t\t\t<div class=\"line\"\n\t\t\t\t\t\t\t\t\t\tstyle=\"background-image: url(https:\/\/goldhouse.az\/wp-content\/plugins\/shelder-core\/assets\/images\/icons\/line-1.png);\">\n\t\t\t\t\t\t\t\t\t<\/div>\n\t\t\t<i aria-hidden=\"true\" class=\" flaticon-reward\"><\/i>\t\t\t\t\t\t\t\t<\/div>\n\t\t\t\t\t\t\t\t<p>H\u0259r bir \u00e7\u0259tinlikd\u0259 v\u0259 miqyasda i\u015fin \u00f6hd\u0259sind\u0259n g\u0259l\u0259 bil\u0259c\u0259k y\u00fcks\u0259k s\u0259viyy\u0259li m\u00fct\u0259x\u0259ssisl\u0259r komandas\u0131.<\/p>\n\t\t\t\t\t\t\t\t<h3><a href=\"https:\/\/goldhouse.az\/bout-us\/\">B\u0130Z K\u0130M\u0130K<\/a><\/h3>\n\t\t\t\t\t\t\t<\/div>\n\t\t\t\t\t\t<\/div>\n\t\t\t\t\t<\/div>\n\t\t\t\t<\/div>\n\t\t\n\t\t\t\t<div class=\"col-lg-3 col-md-6 col-sm-12 single-column\">\n\t\t\t\t\t<div class=\"single-item\">\n\t\t\t\t\t\t<div class=\"inner-box\">\n\t\t\t\t\t\t\t<div class=\"content-box\">\n\t\t\t\t\t\t\t\t<div class=\"icon-box\">\n\t\t\t\t\t\t\t\t\t<div class=\"line\"\n\t\t\t\t\t\t\t\t\t\tstyle=\"background-image: url(https:\/\/goldhouse.az\/wp-content\/plugins\/shelder-core\/assets\/images\/icons\/line-2.png);\">\n\t\t\t\t\t\t\t\t\t<\/div>\n\t\t\t<i aria-hidden=\"true\" class=\" flaticon-vision\"><\/i>\t\t\t\t\t\t\t\t<\/div>\n\t\t\t\t\t\t\t\t<h3><a href=\"https:\/\/goldhouse.az\/bout-us\/\">M\u0130SS\u0130YAMIZ<\/a><\/h3>\n\t\t\t\t\t\t\t<\/div>\n\t\t\t\t\t\t\t<div class=\"overlay-box\">\n\t\t\t\t\t\t\t\t<div class=\"icon-box\">\n\t\t\t\t\t\t\t\t\t<div class=\"line\"\n\t\t\t\t\t\t\t\t\t\tstyle=\"background-image: url(https:\/\/goldhouse.az\/wp-content\/plugins\/shelder-core\/assets\/images\/icons\/line-1.png);\">\n\t\t\t\t\t\t\t\t\t<\/div>\n\t\t\t<i aria-hidden=\"true\" class=\" flaticon-vision\"><\/i>\t\t\t\t\t\t\t\t<\/div>\n\t\t\t\t\t\t\t\t<p>Sizin h\u0259yat\u0131n\u0131z\u0131 memarl\u0131q v\u0259 dizayn vasit\u0259si il\u0259 g\u00f6z\u0259ll\u0259\u015fdirm\u0259kdir.<\/p>\n\t\t\t\t\t\t\t\t<h3><a href=\"https:\/\/goldhouse.az\/bout-us\/\">M\u0130SS\u0130YAMIZ<\/a><\/h3>\n\t\t\t\t\t\t\t<\/div>\n\t\t\t\t\t\t<\/div>\n\t\t\t\t\t<\/div>\n\t\t\t\t<\/div>\n\t\t\n\t\t\t\t<div class=\"col-lg-3 col-md-6 col-sm-12 single-column\">\n\t\t\t\t\t<div class=\"single-item\">\n\t\t\t\t\t\t<div class=\"inner-box\">\n\t\t\t\t\t\t\t<div class=\"content-box\">\n\t\t\t\t\t\t\t\t<div class=\"icon-box\">\n\t\t\t\t\t\t\t\t\t<div class=\"line\"\n\t\t\t\t\t\t\t\t\t\tstyle=\"background-image: url(https:\/\/goldhouse.az\/wp-content\/plugins\/shelder-core\/assets\/images\/icons\/line-2.png);\">\n\t\t\t\t\t\t\t\t\t<\/div>\n\t\t\t<i aria-hidden=\"true\" class=\" flaticon-paper\"><\/i>\t\t\t\t\t\t\t\t<\/div>\n\t\t\t\t\t\t\t\t<h3><a href=\"https:\/\/goldhouse.az\/bout-us\/\">D\u018fY\u018fRL\u018fR\u0130M\u0130Z<\/a><\/h3>\n\t\t\t\t\t\t\t<\/div>\n\t\t\t\t\t\t\t<div class=\"overlay-box\">\n\t\t\t\t\t\t\t\t<div class=\"icon-box\">\n\t\t\t\t\t\t\t\t\t<div class=\"line\"\n\t\t\t\t\t\t\t\t\t\tstyle=\"background-image: url(https:\/\/goldhouse.az\/wp-content\/plugins\/shelder-core\/assets\/images\/icons\/line-1.png);\">\n\t\t\t\t\t\t\t\t\t<\/div>\n\t\t\t<i aria-hidden=\"true\" class=\" flaticon-paper\"><\/i>\t\t\t\t\t\t\t\t<\/div>\n\t\t\t\t\t\t\t\t<p>Layih\u0259l\u0259ndirm\u0259d\u0259 h\u0259yat \u00fc\u00e7\u00fcn rahatl\u0131qla g\u00f6z\u0259lliyin v\u0259hd\u0259ti, innovasiyon ideyalar, y\u00fcks\u0259k keyfiyy\u0259t v\u0259 i\u015f\u0259 m\u0259suliyy\u0259tli yana\u015fma.<\/p>\n\t\t\t\t\t\t\t\t<h3><a href=\"https:\/\/goldhouse.az\/bout-us\/\">D\u018fY\u018fRL\u018fR\u0130M\u0130Z<\/a><\/h3>\n\t\t\t\t\t\t\t<\/div>\n\t\t\t\t\t\t<\/div>\n\t\t\t\t\t<\/div>\n\t\t\t\t<\/div>\n\t\t\n\t\t\t\t<div class=\"col-lg-3 col-md-6 col-sm-12 single-column\">\n\t\t\t\t\t<div class=\"single-item\">\n\t\t\t\t\t\t<div class=\"inner-box\">\n\t\t\t\t\t\t\t<div class=\"content-box\">\n\t\t\t\t\t\t\t\t<div class=\"icon-box\">\n\t\t\t\t\t\t\t\t\t<div class=\"line\"\n\t\t\t\t\t\t\t\t\t\tstyle=\"background-image: url(https:\/\/goldhouse.az\/wp-content\/plugins\/shelder-core\/assets\/images\/icons\/line-2.png);\">\n\t\t\t\t\t\t\t\t\t<\/div>\n\t\t\t<i aria-hidden=\"true\" class=\" flaticon-user\"><\/i>\t\t\t\t\t\t\t\t<\/div>\n\t\t\t\t\t\t\t\t<h3><a href=\"https:\/\/goldhouse.az\/eam-01\/\">U\u011eURLARIMIZ<\/a><\/h3>\n\t\t\t\t\t\t\t<\/div>\n\t\t\t\t\t\t\t<div class=\"overlay-box\">\n\t\t\t\t\t\t\t\t<div class=\"icon-box\">\n\t\t\t\t\t\t\t\t\t<div class=\"line\"\n\t\t\t\t\t\t\t\t\t\tstyle=\"background-image: url(https:\/\/goldhouse.az\/wp-content\/plugins\/shelder-core\/assets\/images\/icons\/line-1.png);\">\n\t\t\t\t\t\t\t\t\t<\/div>\n\t\t\t<i aria-hidden=\"true\" class=\" flaticon-user\"><\/i>\t\t\t\t\t\t\t\t<\/div>\n\t\t\t\t\t\t\t\t<p>Amal\u0131m\u0131z m\u0259hsullar\u0131m\u0131z\u0131 sat\u0131\u015f bazar\u0131nda \u0259n yeni modell\u0259r istehsal etm\u0259kdir.<\/p>\n\t\t\t\t\t\t\t\t<h3><a href=\"https:\/\/goldhouse.az\/eam-01\/\">U\u011eURLARIMIZ<\/a><\/h3>\n\t\t\t\t\t\t\t<\/div>\n\t\t\t\t\t\t<\/div>\n\t\t\t\t\t<\/div>\n\t\t\t\t<\/div>\n\t\t\t\t\t<\/div>\n\t\t<\/div>\n\t<\/div>\n<\/section>\n\t\t\t\t<\/div>\n\t\t\t\t<\/div>\n\t\t\t\t\t<\/div>\n\t\t<\/div>\n\t\t\t\t\t<\/div>\n\t\t<\/section>\n\t\t\t\t<\/div>\n\t\t","protected":false},"excerpt":{"rendered":"<p>HAQQIMIZDA Gold House MMC Gold House MMC m\u00fcasir dam \u00f6rt\u00fckl\u0259rinin istehsal\u0131 v\u0259 sat\u0131\u015f\u0131 il\u0259 m\u0259\u015f\u011ful olan \u015firk\u0259tl\u0259rd\u0259n biridir. \u015eirk\u0259t 2010 cu ild\u0259n f\u0259aliyy\u0259t g\u00f6st\u0259rir. M\u0259hsullar\u0131m\u0131z Avropa, T\u00fcrkiy\u0259 v\u0259 \u00c7inin qabaqc\u0131l \u015firk\u0259tl\u0259rind\u0259n g\u0259tiri\u0131ir. Gold House \u015firk\u0259tind\u0259 pe\u015fakarlar f\u0259aliyy\u0259t g\u00f6st\u0259rir. \u018ftrafl\u0131 Dam \u00f6rt\u00fckl\u0259ri Az\u0259rbaycanda m\u00fcxt\u0259lif modell\u0259ri v\u0259 r\u0259ngl\u0259ri il\u0259 f\u0259rql\u0259nir. Keyfiyy\u0259tin\u0259 z\u0259man\u0259t verilir. Dam \u00f6rt\u00fckl\u0259ri il\u0259 b\u0259rab\u0259r <span>&#8230;<\/span><\/p>\n","protected":false},"author":1,"featured_media":0,"parent":0,"menu_order":0,"comment_status":"closed","ping_status":"closed","template":"","meta":{"footnotes":""},"class_list":["post-337","page","type-page","status-publish","hentry"],"_links":{"self":[{"href":"https:\/\/goldhouse.az\/az\/wp-json\/wp\/v2\/pages\/337","targetHints":{"allow":["GET"]}}],"collection":[{"href":"https:\/\/goldhouse.az\/az\/wp-json\/wp\/v2\/pages"}],"about":[{"href":"https:\/\/goldhouse.az\/az\/wp-json\/wp\/v2\/types\/page"}],"author":[{"embeddable":true,"href":"https:\/\/goldhouse.az\/az\/wp-json\/wp\/v2\/users\/1"}],"replies":[{"embeddable":true,"href":"https:\/\/goldhouse.az\/az\/wp-json\/wp\/v2\/comments?post=337"}],"version-history":[{"count":27,"href":"https:\/\/goldhouse.az\/az\/wp-json\/wp\/v2\/pages\/337\/revisions"}],"predecessor-version":[{"id":3088,"href":"https:\/\/goldhouse.az\/az\/wp-json\/wp\/v2\/pages\/337\/revisions\/3088"}],"wp:attachment":[{"href":"https:\/\/goldhouse.az\/az\/wp-json\/wp\/v2\/media?parent=337"}],"curies":[{"name":"wp","href":"https:\/\/api.w.org\/{rel}","templated":true}]}}